{"id":10837,"date":"2021-03-31T04:49:21","date_gmt":"2021-03-31T07:49:21","guid":{"rendered":"https:\/\/britech.global\/politica-de-privacidad\/"},"modified":"2021-07-17T22:28:48","modified_gmt":"2021-07-18T01:28:48","slug":"politica-de-privacidad","status":"publish","type":"page","link":"https:\/\/britech.global\/es\/politica-de-privacidad\/","title":{"rendered":"Pol\u00edtica de Privacidad"},"content":{"rendered":"\r\n<p>La Pol\u00edtica de Privacidad de BRITech S.A. (\u201cPol\u00edtica\u201d) ratifica su compromiso con los principios de \u00e9tica, transparencia, seguridad y respeto en las relaciones con sus Usuarios (\u201cUsuarios\u201d).<\/p>\r\n<p>BRITech se preocupa por la transparencia, privacidad y seguridad de sus datos, por lo que garantiza la protecci\u00f3n de la informaci\u00f3n personal a todos aquellos que usan nuestra Plataforma, descargan nuestra aplicaci\u00f3n en su tel\u00e9fono celular, viajan a nuestros sitios web, solicitan cualquiera de los nuestros servicios, convi\u00e9rtase en nuestros clientes, utilice nuestros servicios o cont\u00e1ctenos por cualquier medio.<\/p>\r\n<p>BRITech no vende, alquila ni intercambia la informaci\u00f3n personal de los Usuarios con terceros sin el consentimiento expl\u00edcito o seg\u00fan lo exija la ley.<\/p>\r\n<p>Para proporcionar servicios y en relaci\u00f3n con sus objetivos y actividades comerciales, BRITech puede compartir la informaci\u00f3n personal de los Usuarios con otras compa\u00f1\u00edas en el mismo grupo econ\u00f3mico o con terceros que prestan servicios en su nombre.<\/p>\r\n<p>Los ejemplos de dichos terceros y servicios incluyen servicios de verificaci\u00f3n de identificaci\u00f3n del consumidor, empresas de contabilidad p\u00fablica y otras empresas profesionales y algunos otros proveedores y proveedores de servicios que realizan servicios de marketing, publicidad, investigaci\u00f3n y an\u00e1lisis. BRITech firma contratos que requieren que estos terceros mantengan dicha informaci\u00f3n confidencial y la traten con total seguridad.<\/p>\r\n<p>BRITech tambi\u00e9n puede divulgar informaci\u00f3n personal en respuesta a servicios de procesos legales, tales como \u00f3rdenes judiciales, citaciones o citaciones, o seg\u00fan lo permita o exija la ley, cuando lo considere necesario o apropiado para investigar, prevenir o actuar en relaci\u00f3n con actividades ilegales, sospecha de fraude (incluido el robo de identidad), lavado de dinero o cualquier situaci\u00f3n que pueda violar los T\u00e9rminos de uso, la Pol\u00edtica de privacidad y los Contratos entre el Usuario y BRITech.<\/p>\r\n<p>La informaci\u00f3n recopilada por la Plataforma o proporcionada por los Usuarios se registra y almacena en nuestras bases de datos, observando los est\u00e1ndares necesarios de seguridad, confidencialidad e integridad.<\/p>\r\n<p>Puede solicitar la revisi\u00f3n y correcci\u00f3n de sus datos en cualquier momento, a trav\u00e9s de cualquiera de nuestros canales de servicio. Cuando termine su relaci\u00f3n con BRITech, puede solicitar la eliminaci\u00f3n de sus datos de nuestras bases de datos. Sin embargo, para cumplir con las obligaciones legales, podemos almacenar ciertos datos durante el per\u00edodo y bajo los t\u00e9rminos que la legislaci\u00f3n aplicable requiere.<\/p>\r\n<p>&nbsp;<\/p>\r\n<h2 class=\"wp-block-heading\">Cookies<\/h2>\r\n\r\n\r\n\r\n<p>Al dejar un comentario o completar un formulario de contacto en el sitio web, puede optar por guardar su nombre, correo electr\u00f3nico y sitio web en cookies. Esto es para su comodidad, para que no tenga que volver a introducir sus datos. Estas cookies duran un a\u00f1o.<\/p>\r\n\r\n\r\n\r\n<p>Si tiene una cuenta y accede a este sitio web, se crear\u00e1 una cookie temporal para determinar si su navegador acepta cookies. No contiene ning\u00fan dato personal y se descartar\u00e1 cuando cierre su navegador.<\/p>\r\n\r\n\r\n\r\n<p>Cuando inicia sesi\u00f3n en su cuenta en el sitio web, tambi\u00e9n creamos varias cookies para guardar los detalles de su cuenta y las opciones de visualizaci\u00f3n de su pantalla. Las cookies de inicio de sesi\u00f3n se guardan durante dos d\u00edas y las cookies de opciones de pantalla durante un a\u00f1o. Si selecciona \u00abRecordarme\u00bb, su acceso se mantendr\u00e1 durante dos semanas. Si cierra sesi\u00f3n en su cuenta, se eliminar\u00e1n las cookies de inicio de sesi\u00f3n.<\/p>\r\n\r\n\r\n\r\n<p>&nbsp;<\/p>\r\n\r\n\r\n\r\n<h2 class=\"wp-block-heading\">Medios integrados de otros sitios<\/h2>\r\n\r\n\r\n\r\n<p>Las p\u00e1ginas de este sitio pueden incluir contenido incrustado como videos, im\u00e1genes, art\u00edculos, etc. El contenido incrustado de otros sitios web se comporta exactamente de la misma manera que si el visitante estuviera visitando el otro sitio web.<\/p>\r\n\r\n\r\n\r\n<p>Estos sitios web pueden recopilar datos sobre usted, usar cookies, incorporar un seguimiento adicional de terceros y monitorear su interacci\u00f3n con este contenido incrustado, incluida su interacci\u00f3n con el contenido incrustado si tiene una cuenta y ha iniciado sesi\u00f3n en el sitio web.<\/p>\r\n\r\n\r\n","protected":false},"excerpt":{"rendered":"<p>La Pol\u00edtica de Privacidad de BRITech S.A. (\u201cPol\u00edtica\u201d) ratifica su compromiso con los principios de \u00e9tica, transparencia, seguridad y respeto en las relaciones con sus Usuarios (\u201cUsuarios\u201d). BRITech se preocupa por la transparencia, privacidad y seguridad de sus datos, por lo que garantiza la protecci\u00f3n de la informaci\u00f3n personal a [&hellip;]<\/p>\n","protected":false},"author":1,"featured_media":0,"parent":0,"menu_order":0,"comment_status":"closed","ping_status":"closed","template":"page-templates\/template-regions-single.php","meta":{"content-type":"","inline_featured_image":false,"footnotes":""},"class_list":["post-10837","page","type-page","status-publish","hentry"],"yoast_head":"<!-- This site is optimized with the Yoast SEO plugin v25.3.1 - https:\/\/yoast.com\/wordpress\/plugins\/seo\/ -->\n<title>Pol\u00edtica de Privacidad - BRITech<\/title>\n<meta name=\"robots\" content=\"index, follow, max-snippet:-1, max-image-preview:large, max-video-preview:-1\" \/>\n<link rel=\"canonical\" href=\"https:\/\/britech.global\/es\/politica-de-privacidad\/\" \/>\n<meta property=\"og:locale\" content=\"es_ES\" \/>\n<meta property=\"og:type\" content=\"article\" \/>\n<meta property=\"og:title\" content=\"Pol\u00edtica de Privacidad - BRITech\" \/>\n<meta property=\"og:description\" content=\"La Pol\u00edtica de Privacidad de BRITech S.A. (\u201cPol\u00edtica\u201d) ratifica su compromiso con los principios de \u00e9tica, transparencia, seguridad y respeto en las relaciones con sus Usuarios (\u201cUsuarios\u201d). BRITech se preocupa por la transparencia, privacidad y seguridad de sus datos, por lo que garantiza la protecci\u00f3n de la informaci\u00f3n personal a [&hellip;]\" \/>\n<meta property=\"og:url\" content=\"https:\/\/britech.global\/es\/politica-de-privacidad\/\" \/>\n<meta property=\"og:site_name\" content=\"BRITech\" \/>\n<meta property=\"article:modified_time\" content=\"2021-07-18T01:28:48+00:00\" \/>\n<meta name=\"twitter:card\" content=\"summary_large_image\" \/>\n<meta name=\"twitter:label1\" content=\"Tiempo de lectura\" \/>\n\t<meta name=\"twitter:data1\" content=\"3 minutos\" \/>\n<script type=\"application\/ld+json\" class=\"yoast-schema-graph\">{\"@context\":\"https:\/\/schema.org\",\"@graph\":[{\"@type\":\"WebPage\",\"@id\":\"https:\/\/britech.global\/es\/politica-de-privacidad\/\",\"url\":\"https:\/\/britech.global\/es\/politica-de-privacidad\/\",\"name\":\"Pol\u00edtica de Privacidad - BRITech\",\"isPartOf\":{\"@id\":\"https:\/\/britech.global\/es\/#website\"},\"datePublished\":\"2021-03-31T07:49:21+00:00\",\"dateModified\":\"2021-07-18T01:28:48+00:00\",\"inLanguage\":\"es\",\"potentialAction\":[{\"@type\":\"ReadAction\",\"target\":[\"https:\/\/britech.global\/es\/politica-de-privacidad\/\"]}]},{\"@type\":\"WebSite\",\"@id\":\"https:\/\/britech.global\/es\/#website\",\"url\":\"https:\/\/britech.global\/es\/\",\"name\":\"BRITech\",\"description\":\"Plataforma para Gest\u00e3o de Investimentos\",\"publisher\":{\"@id\":\"https:\/\/britech.global\/es\/#organization\"},\"potentialAction\":[{\"@type\":\"SearchAction\",\"target\":{\"@type\":\"EntryPoint\",\"urlTemplate\":\"https:\/\/britech.global\/es\/?s={search_term_string}\"},\"query-input\":{\"@type\":\"PropertyValueSpecification\",\"valueRequired\":true,\"valueName\":\"search_term_string\"}}],\"inLanguage\":\"es\"},{\"@type\":\"Organization\",\"@id\":\"https:\/\/britech.global\/es\/#organization\",\"name\":\"BRITech\",\"url\":\"https:\/\/britech.global\/es\/\",\"logo\":{\"@type\":\"ImageObject\",\"inLanguage\":\"es\",\"@id\":\"https:\/\/britech.global\/es\/#\/schema\/logo\/image\/\",\"url\":\"https:\/\/britech.global\/wp-content\/uploads\/2024\/05\/logo-britech-c-h.svg\",\"contentUrl\":\"https:\/\/britech.global\/wp-content\/uploads\/2024\/05\/logo-britech-c-h.svg\",\"width\":232,\"height\":56,\"caption\":\"BRITech\"},\"image\":{\"@id\":\"https:\/\/britech.global\/es\/#\/schema\/logo\/image\/\"},\"sameAs\":[\"https:\/\/www.instagram.com\/britechglobal\/\",\"https:\/\/www.youtube.com\/channel\/UCdjaK4YxXhUr6XE8pnijUfQ\",\"https:\/\/www.linkedin.com\/company\/britechsa\/\"]}]}<\/script>\n<!-- \/ Yoast SEO plugin. -->","yoast_head_json":{"title":"Pol\u00edtica de Privacidad - BRITech","robots":{"index":"index","follow":"follow","max-snippet":"max-snippet:-1","max-image-preview":"max-image-preview:large","max-video-preview":"max-video-preview:-1"},"canonical":"https:\/\/britech.global\/es\/politica-de-privacidad\/","og_locale":"es_ES","og_type":"article","og_title":"Pol\u00edtica de Privacidad - BRITech","og_description":"La Pol\u00edtica de Privacidad de BRITech S.A. (\u201cPol\u00edtica\u201d) ratifica su compromiso con los principios de \u00e9tica, transparencia, seguridad y respeto en las relaciones con sus Usuarios (\u201cUsuarios\u201d). BRITech se preocupa por la transparencia, privacidad y seguridad de sus datos, por lo que garantiza la protecci\u00f3n de la informaci\u00f3n personal a [&hellip;]","og_url":"https:\/\/britech.global\/es\/politica-de-privacidad\/","og_site_name":"BRITech","article_modified_time":"2021-07-18T01:28:48+00:00","twitter_card":"summary_large_image","twitter_misc":{"Tiempo de lectura":"3 minutos"},"schema":{"@context":"https:\/\/schema.org","@graph":[{"@type":"WebPage","@id":"https:\/\/britech.global\/es\/politica-de-privacidad\/","url":"https:\/\/britech.global\/es\/politica-de-privacidad\/","name":"Pol\u00edtica de Privacidad - BRITech","isPartOf":{"@id":"https:\/\/britech.global\/es\/#website"},"datePublished":"2021-03-31T07:49:21+00:00","dateModified":"2021-07-18T01:28:48+00:00","inLanguage":"es","potentialAction":[{"@type":"ReadAction","target":["https:\/\/britech.global\/es\/politica-de-privacidad\/"]}]},{"@type":"WebSite","@id":"https:\/\/britech.global\/es\/#website","url":"https:\/\/britech.global\/es\/","name":"BRITech","description":"Plataforma para Gest\u00e3o de Investimentos","publisher":{"@id":"https:\/\/britech.global\/es\/#organization"},"potentialAction":[{"@type":"SearchAction","target":{"@type":"EntryPoint","urlTemplate":"https:\/\/britech.global\/es\/?s={search_term_string}"},"query-input":{"@type":"PropertyValueSpecification","valueRequired":true,"valueName":"search_term_string"}}],"inLanguage":"es"},{"@type":"Organization","@id":"https:\/\/britech.global\/es\/#organization","name":"BRITech","url":"https:\/\/britech.global\/es\/","logo":{"@type":"ImageObject","inLanguage":"es","@id":"https:\/\/britech.global\/es\/#\/schema\/logo\/image\/","url":"https:\/\/britech.global\/wp-content\/uploads\/2024\/05\/logo-britech-c-h.svg","contentUrl":"https:\/\/britech.global\/wp-content\/uploads\/2024\/05\/logo-britech-c-h.svg","width":232,"height":56,"caption":"BRITech"},"image":{"@id":"https:\/\/britech.global\/es\/#\/schema\/logo\/image\/"},"sameAs":["https:\/\/www.instagram.com\/britechglobal\/","https:\/\/www.youtube.com\/channel\/UCdjaK4YxXhUr6XE8pnijUfQ","https:\/\/www.linkedin.com\/company\/britechsa\/"]}]}},"_links":{"self":[{"href":"https:\/\/britech.global\/es\/wp-json\/wp\/v2\/pages\/10837","targetHints":{"allow":["GET"]}}],"collection":[{"href":"https:\/\/britech.global\/es\/wp-json\/wp\/v2\/pages"}],"about":[{"href":"https:\/\/britech.global\/es\/wp-json\/wp\/v2\/types\/page"}],"author":[{"embeddable":true,"href":"https:\/\/britech.global\/es\/wp-json\/wp\/v2\/users\/1"}],"replies":[{"embeddable":true,"href":"https:\/\/britech.global\/es\/wp-json\/wp\/v2\/comments?post=10837"}],"version-history":[{"count":2,"href":"https:\/\/britech.global\/es\/wp-json\/wp\/v2\/pages\/10837\/revisions"}],"predecessor-version":[{"id":10839,"href":"https:\/\/britech.global\/es\/wp-json\/wp\/v2\/pages\/10837\/revisions\/10839"}],"wp:attachment":[{"href":"https:\/\/britech.global\/es\/wp-json\/wp\/v2\/media?parent=10837"}],"curies":[{"name":"wp","href":"https:\/\/api.w.org\/{rel}","templated":true}]}}