{"id":16108,"date":"2021-09-12T19:30:45","date_gmt":"2021-09-12T22:30:45","guid":{"rendered":"https:\/\/britech.global\/consejo-administrativo\/"},"modified":"2026-03-18T10:48:29","modified_gmt":"2026-03-18T13:48:29","slug":"gobierno-corporativo","status":"publish","type":"page","link":"https:\/\/britech.global\/es\/gobierno-corporativo\/","title":{"rendered":"Consejo de Administraci\u00f3n"},"content":{"rendered":"<p>El Consejo de Administraci\u00f3n se constituy\u00f3 en 2015 tras la entrada de ORIA Capital como inversor en la empresa. Otros aspectos de la gobernanza se han mejorado desde entonces, como comit\u00e9s, auditor\u00edas anuales y reuniones con franquiciados globales.<\/p>\n<div class=\"row mb-5\">\n<div class=\"col-12\"><img loading=\"lazy\" decoding=\"async\" width=\"2173\" height=\"300\" class=\"alignnone wp-image-29114 size-full img-responsive \" src=\"https:\/\/britech.global\/wp-content\/uploads\/2026\/03\/Selos.png\" alt=\"\" srcset=\"https:\/\/britech.global\/wp-content\/uploads\/2026\/03\/Selos.png 2173w, https:\/\/britech.global\/wp-content\/uploads\/2026\/03\/Selos-768x106.png 768w, https:\/\/britech.global\/wp-content\/uploads\/2026\/03\/Selos-1536x212.png 1536w, https:\/\/britech.global\/wp-content\/uploads\/2026\/03\/Selos-2048x283.png 2048w\" sizes=\"auto, (max-width: 2173px) 100vw, 2173px\" \/><\/div>\n<h3>Conoce nuestros materiales institucionales:<\/h3>\n<p><a style=\"color: inherit;\" href=\"https:\/\/22815802.fs1.hubspotusercontent-na1.net\/hubfs\/22815802\/Governan%C3%A7a_Corporativa\/ES\/manualanticorrupcion.pdf\"> Manual Anticorrupci\u00f3n<\/a><\/p>\n<\/div>\n","protected":false},"excerpt":{"rendered":"<p>El Consejo de Administraci\u00f3n se constituy\u00f3 en 2015 tras la entrada de ORIA Capital como inversor en la empresa. Otros aspectos de la gobernanza se han mejorado desde entonces, como comit\u00e9s, auditor\u00edas anuales y reuniones con franquiciados globales. Conoce nuestros materiales institucionales: Manual Anticorrupci\u00f3n<\/p>\n","protected":false},"author":2,"featured_media":10941,"parent":0,"menu_order":0,"comment_status":"closed","ping_status":"closed","template":"page-templates\/template-governance-mobile.php","meta":{"content-type":"","inline_featured_image":false,"footnotes":""},"class_list":["post-16108","page","type-page","status-publish","has-post-thumbnail","hentry"],"yoast_head":"<!-- This site is optimized with the Yoast SEO plugin v25.3.1 - https:\/\/yoast.com\/wordpress\/plugins\/seo\/ -->\n<title>Consejo de Administraci\u00f3n - BRITech<\/title>\n<meta name=\"robots\" content=\"index, follow, max-snippet:-1, max-image-preview:large, max-video-preview:-1\" \/>\n<link rel=\"canonical\" href=\"https:\/\/britech.global\/es\/gobierno-corporativo\/\" \/>\n<meta property=\"og:locale\" content=\"es_ES\" \/>\n<meta property=\"og:type\" content=\"article\" \/>\n<meta property=\"og:title\" content=\"Consejo de Administraci\u00f3n - BRITech\" \/>\n<meta property=\"og:description\" content=\"El Consejo de Administraci\u00f3n se constituy\u00f3 en 2015 tras la entrada de ORIA Capital como inversor en la empresa. Otros aspectos de la gobernanza se han mejorado desde entonces, como comit\u00e9s, auditor\u00edas anuales y reuniones con franquiciados globales. Conoce nuestros materiales institucionales: Manual Anticorrupci\u00f3n\" \/>\n<meta property=\"og:url\" content=\"https:\/\/britech.global\/es\/gobierno-corporativo\/\" \/>\n<meta property=\"og:site_name\" content=\"BRITech\" \/>\n<meta property=\"article:modified_time\" content=\"2026-03-18T13:48:29+00:00\" \/>\n<meta property=\"og:image\" content=\"https:\/\/britech.global\/wp-content\/uploads\/2020\/07\/adeolu-eletu-E7RLgUjjazc-unsplash-2.jpg\" \/>\n\t<meta property=\"og:image:width\" content=\"1280\" \/>\n\t<meta property=\"og:image:height\" content=\"724\" \/>\n\t<meta property=\"og:image:type\" content=\"image\/jpeg\" \/>\n<meta name=\"twitter:card\" content=\"summary_large_image\" \/>\n<meta name=\"twitter:label1\" content=\"Tiempo de lectura\" \/>\n\t<meta name=\"twitter:data1\" content=\"1 minuto\" \/>\n<script type=\"application\/ld+json\" class=\"yoast-schema-graph\">{\"@context\":\"https:\/\/schema.org\",\"@graph\":[{\"@type\":\"WebPage\",\"@id\":\"https:\/\/britech.global\/es\/gobierno-corporativo\/\",\"url\":\"https:\/\/britech.global\/es\/gobierno-corporativo\/\",\"name\":\"Consejo de Administraci\u00f3n - BRITech\",\"isPartOf\":{\"@id\":\"https:\/\/britech.global\/es\/#website\"},\"primaryImageOfPage\":{\"@id\":\"https:\/\/britech.global\/es\/gobierno-corporativo\/#primaryimage\"},\"image\":{\"@id\":\"https:\/\/britech.global\/es\/gobierno-corporativo\/#primaryimage\"},\"thumbnailUrl\":\"https:\/\/britech.global\/wp-content\/uploads\/2020\/07\/adeolu-eletu-E7RLgUjjazc-unsplash-2.jpg\",\"datePublished\":\"2021-09-12T22:30:45+00:00\",\"dateModified\":\"2026-03-18T13:48:29+00:00\",\"inLanguage\":\"es\",\"potentialAction\":[{\"@type\":\"ReadAction\",\"target\":[\"https:\/\/britech.global\/es\/gobierno-corporativo\/\"]}]},{\"@type\":\"ImageObject\",\"inLanguage\":\"es\",\"@id\":\"https:\/\/britech.global\/es\/gobierno-corporativo\/#primaryimage\",\"url\":\"https:\/\/britech.global\/wp-content\/uploads\/2020\/07\/adeolu-eletu-E7RLgUjjazc-unsplash-2.jpg\",\"contentUrl\":\"https:\/\/britech.global\/wp-content\/uploads\/2020\/07\/adeolu-eletu-E7RLgUjjazc-unsplash-2.jpg\",\"width\":1280,\"height\":724},{\"@type\":\"WebSite\",\"@id\":\"https:\/\/britech.global\/es\/#website\",\"url\":\"https:\/\/britech.global\/es\/\",\"name\":\"BRITech\",\"description\":\"Plataforma para Gest\u00e3o de Investimentos\",\"publisher\":{\"@id\":\"https:\/\/britech.global\/es\/#organization\"},\"potentialAction\":[{\"@type\":\"SearchAction\",\"target\":{\"@type\":\"EntryPoint\",\"urlTemplate\":\"https:\/\/britech.global\/es\/?s={search_term_string}\"},\"query-input\":{\"@type\":\"PropertyValueSpecification\",\"valueRequired\":true,\"valueName\":\"search_term_string\"}}],\"inLanguage\":\"es\"},{\"@type\":\"Organization\",\"@id\":\"https:\/\/britech.global\/es\/#organization\",\"name\":\"BRITech\",\"url\":\"https:\/\/britech.global\/es\/\",\"logo\":{\"@type\":\"ImageObject\",\"inLanguage\":\"es\",\"@id\":\"https:\/\/britech.global\/es\/#\/schema\/logo\/image\/\",\"url\":\"https:\/\/britech.global\/wp-content\/uploads\/2024\/05\/logo-britech-c-h.svg\",\"contentUrl\":\"https:\/\/britech.global\/wp-content\/uploads\/2024\/05\/logo-britech-c-h.svg\",\"width\":232,\"height\":56,\"caption\":\"BRITech\"},\"image\":{\"@id\":\"https:\/\/britech.global\/es\/#\/schema\/logo\/image\/\"},\"sameAs\":[\"https:\/\/www.instagram.com\/britechglobal\/\",\"https:\/\/www.youtube.com\/channel\/UCdjaK4YxXhUr6XE8pnijUfQ\",\"https:\/\/www.linkedin.com\/company\/britechsa\/\"]}]}<\/script>\n<!-- \/ Yoast SEO plugin. -->","yoast_head_json":{"title":"Consejo de Administraci\u00f3n - BRITech","robots":{"index":"index","follow":"follow","max-snippet":"max-snippet:-1","max-image-preview":"max-image-preview:large","max-video-preview":"max-video-preview:-1"},"canonical":"https:\/\/britech.global\/es\/gobierno-corporativo\/","og_locale":"es_ES","og_type":"article","og_title":"Consejo de Administraci\u00f3n - BRITech","og_description":"El Consejo de Administraci\u00f3n se constituy\u00f3 en 2015 tras la entrada de ORIA Capital como inversor en la empresa. Otros aspectos de la gobernanza se han mejorado desde entonces, como comit\u00e9s, auditor\u00edas anuales y reuniones con franquiciados globales. Conoce nuestros materiales institucionales: Manual Anticorrupci\u00f3n","og_url":"https:\/\/britech.global\/es\/gobierno-corporativo\/","og_site_name":"BRITech","article_modified_time":"2026-03-18T13:48:29+00:00","og_image":[{"width":1280,"height":724,"url":"https:\/\/britech.global\/wp-content\/uploads\/2020\/07\/adeolu-eletu-E7RLgUjjazc-unsplash-2.jpg","type":"image\/jpeg"}],"twitter_card":"summary_large_image","twitter_misc":{"Tiempo de lectura":"1 minuto"},"schema":{"@context":"https:\/\/schema.org","@graph":[{"@type":"WebPage","@id":"https:\/\/britech.global\/es\/gobierno-corporativo\/","url":"https:\/\/britech.global\/es\/gobierno-corporativo\/","name":"Consejo de Administraci\u00f3n - BRITech","isPartOf":{"@id":"https:\/\/britech.global\/es\/#website"},"primaryImageOfPage":{"@id":"https:\/\/britech.global\/es\/gobierno-corporativo\/#primaryimage"},"image":{"@id":"https:\/\/britech.global\/es\/gobierno-corporativo\/#primaryimage"},"thumbnailUrl":"https:\/\/britech.global\/wp-content\/uploads\/2020\/07\/adeolu-eletu-E7RLgUjjazc-unsplash-2.jpg","datePublished":"2021-09-12T22:30:45+00:00","dateModified":"2026-03-18T13:48:29+00:00","inLanguage":"es","potentialAction":[{"@type":"ReadAction","target":["https:\/\/britech.global\/es\/gobierno-corporativo\/"]}]},{"@type":"ImageObject","inLanguage":"es","@id":"https:\/\/britech.global\/es\/gobierno-corporativo\/#primaryimage","url":"https:\/\/britech.global\/wp-content\/uploads\/2020\/07\/adeolu-eletu-E7RLgUjjazc-unsplash-2.jpg","contentUrl":"https:\/\/britech.global\/wp-content\/uploads\/2020\/07\/adeolu-eletu-E7RLgUjjazc-unsplash-2.jpg","width":1280,"height":724},{"@type":"WebSite","@id":"https:\/\/britech.global\/es\/#website","url":"https:\/\/britech.global\/es\/","name":"BRITech","description":"Plataforma para Gest\u00e3o de Investimentos","publisher":{"@id":"https:\/\/britech.global\/es\/#organization"},"potentialAction":[{"@type":"SearchAction","target":{"@type":"EntryPoint","urlTemplate":"https:\/\/britech.global\/es\/?s={search_term_string}"},"query-input":{"@type":"PropertyValueSpecification","valueRequired":true,"valueName":"search_term_string"}}],"inLanguage":"es"},{"@type":"Organization","@id":"https:\/\/britech.global\/es\/#organization","name":"BRITech","url":"https:\/\/britech.global\/es\/","logo":{"@type":"ImageObject","inLanguage":"es","@id":"https:\/\/britech.global\/es\/#\/schema\/logo\/image\/","url":"https:\/\/britech.global\/wp-content\/uploads\/2024\/05\/logo-britech-c-h.svg","contentUrl":"https:\/\/britech.global\/wp-content\/uploads\/2024\/05\/logo-britech-c-h.svg","width":232,"height":56,"caption":"BRITech"},"image":{"@id":"https:\/\/britech.global\/es\/#\/schema\/logo\/image\/"},"sameAs":["https:\/\/www.instagram.com\/britechglobal\/","https:\/\/www.youtube.com\/channel\/UCdjaK4YxXhUr6XE8pnijUfQ","https:\/\/www.linkedin.com\/company\/britechsa\/"]}]}},"_links":{"self":[{"href":"https:\/\/britech.global\/es\/wp-json\/wp\/v2\/pages\/16108","targetHints":{"allow":["GET"]}}],"collection":[{"href":"https:\/\/britech.global\/es\/wp-json\/wp\/v2\/pages"}],"about":[{"href":"https:\/\/britech.global\/es\/wp-json\/wp\/v2\/types\/page"}],"author":[{"embeddable":true,"href":"https:\/\/britech.global\/es\/wp-json\/wp\/v2\/users\/2"}],"replies":[{"embeddable":true,"href":"https:\/\/britech.global\/es\/wp-json\/wp\/v2\/comments?post=16108"}],"version-history":[{"count":22,"href":"https:\/\/britech.global\/es\/wp-json\/wp\/v2\/pages\/16108\/revisions"}],"predecessor-version":[{"id":29128,"href":"https:\/\/britech.global\/es\/wp-json\/wp\/v2\/pages\/16108\/revisions\/29128"}],"wp:featuredmedia":[{"embeddable":true,"href":"https:\/\/britech.global\/es\/wp-json\/wp\/v2\/media\/10941"}],"wp:attachment":[{"href":"https:\/\/britech.global\/es\/wp-json\/wp\/v2\/media?parent=16108"}],"curies":[{"name":"wp","href":"https:\/\/api.w.org\/{rel}","templated":true}]}}