{"id":20395,"date":"2023-02-07T07:16:27","date_gmt":"2023-02-07T10:16:27","guid":{"rendered":"https:\/\/britech.global\/?page_id=20395"},"modified":"2023-03-01T12:18:32","modified_gmt":"2023-03-01T15:18:32","slug":"asesores-inversiones-independientes_old","status":"publish","type":"page","link":"https:\/\/britech.global\/es\/asesores-inversiones-independientes_old\/","title":{"rendered":"LATAM | CMP_Langing Page &#8211; Asesores-inversiones-independientes_Mexico (OLD)"},"content":{"rendered":"<h1><u>ASESORES DE INVERSIONES INDEPENDENTES<\/u><\/h1>\n<h2>Acelera tu negocio. Moderniza tu operaci\u00f3n.<\/h2>\n<h3>Mejora el servicio a tus clientes.<br \/>\nDigitaliza la operaci\u00f3n, genera eficiencias y competividad.<\/h3>\n<p><a role=\"button\" href=\"#formulario\"><br \/>\nConversemos<br \/>\n<\/a><\/p>\n<p>Equipos que confian en las soluciones BRITech:<\/p>\n<p><img decoding=\"async\" src=\"https:\/\/britech.global\/wp-content\/uploads\/2023\/02\/logos-mexico.png\" sizes=\"(max-width: 2974px) 100vw, 2974px\" srcset=\"https:\/\/britech.global\/wp-content\/uploads\/2023\/02\/logos-mexico.png 2974w, https:\/\/britech.global\/wp-content\/uploads\/2023\/02\/logos-mexico-768x53.png 768w, https:\/\/britech.global\/wp-content\/uploads\/2023\/02\/logos-mexico-1536x106.png 1536w, https:\/\/britech.global\/wp-content\/uploads\/2023\/02\/logos-mexico-2048x142.png 2048w\" alt=\"\"  class=\"img-responsive\" \/><br \/>\n<img decoding=\"async\" src=\"https:\/\/britech.global\/wp-content\/uploads\/2023\/02\/ilustra.png\" sizes=\"(max-width: 1040px) 100vw, 1040px\" srcset=\"https:\/\/britech.global\/wp-content\/uploads\/2023\/02\/ilustra.png 1040w, https:\/\/britech.global\/wp-content\/uploads\/2023\/02\/ilustra-768x798.png 768w, https:\/\/britech.global\/wp-content\/uploads\/2023\/02\/ilustra-32x32.png 32w\" alt=\"\"  class=\"img-responsive\" \/><br \/>\n<img decoding=\"async\" src=\"https:\/\/britech.global\/wp-content\/uploads\/2023\/02\/funcio-01.png\" sizes=\"(max-width: 782px) 100vw, 782px\" srcset=\"https:\/\/britech.global\/wp-content\/uploads\/2023\/02\/funcio-01.png 782w, https:\/\/britech.global\/wp-content\/uploads\/2023\/02\/funcio-01-768x629.png 768w\" alt=\"\"  class=\"img-responsive\" \/><\/p>\n<h3>Portafolios Modelo<\/h3>\n<p>Flexibilidad para configurar portafolios modelos por clases de activos, industria, sector, emisor y mucho m\u00e1s.<\/p>\n<h3>Reporting<\/h3>\n<p>M\u00f3dulo de reporting flexible orientado a auto-servicio. Contamos con m\u00e1s de 250 reportes alineados a las mejores pr\u00e1cticas del mercado.<\/p>\n<p><img decoding=\"async\" src=\"https:\/\/britech.global\/wp-content\/uploads\/2023\/02\/funcio-02.png\" sizes=\"(max-width: 1024px) 100vw, 1024px\" srcset=\"https:\/\/britech.global\/wp-content\/uploads\/2023\/02\/funcio-02.png 1058w, https:\/\/britech.global\/wp-content\/uploads\/2023\/02\/funcio-02-768x465.png 768w\" alt=\"\"  class=\"img-responsive\" \/><br \/>\n<img decoding=\"async\" src=\"https:\/\/britech.global\/wp-content\/uploads\/2023\/02\/funcio-03.png\" sizes=\"(max-width: 924px) 100vw, 924px\" srcset=\"https:\/\/britech.global\/wp-content\/uploads\/2023\/02\/funcio-03.png 924w, https:\/\/britech.global\/wp-content\/uploads\/2023\/02\/funcio-03-768x465.png 768w\" alt=\"\"  class=\"img-responsive\" \/><\/p>\n<h3>PLD &amp; KyC<\/h3>\n<p>M\u00f3dulo robusto y flexible desarollado especificamente para M\u00e9xico. Contempla formularios de KyC, perfiles de idoneidad, b\u00fasqueda en listas negras, PEPs, perf\u00edl de riesgo, gesti\u00f3n de documentos, seguimiento de inusuales, etc.<\/p>\n<h3>Agregaci\u00f3n y Captura de Datos<br \/>\nde Contrapartes<\/h3>\n<p>Intergaciones con los pr\u00edncipales proveedores de precios como bloomberg, infosel, valmer, pip, etc.\u2028 Contamos con m\u00e1s de 250 integraciones con custodios a nivel global.<\/p>\n<p><img decoding=\"async\" src=\"https:\/\/britech.global\/wp-content\/uploads\/2023\/02\/funcio-04-1.png\" sizes=\"(max-width: 856px) 100vw, 856px\" srcset=\"https:\/\/britech.global\/wp-content\/uploads\/2023\/02\/funcio-04-1.png 856w, https:\/\/britech.global\/wp-content\/uploads\/2023\/02\/funcio-04-1-768x574.png 768w, https:\/\/britech.global\/wp-content\/uploads\/2023\/02\/funcio-04-1-240x180.png 240w\" alt=\"\"  class=\"img-responsive\" \/><\/p>\n<h2>Soluci\u00f3n SaaS world-class que cubre la integralidad<br \/>\nde la cadena de valor de los asesores de inversiones<\/h2>\n<p><a role=\"button\" href=\"#formulario\"><br \/>\nConversemos<br \/>\n<\/a><\/p>\n<h6>C\u00e1culo de comisiones y\/o tasas<\/h6>\n<p>&nbsp;<\/p>\n<h6>Reglas de cumplimiento<\/h6>\n<p>&nbsp;<\/p>\n<h6>Rebalanceo automatizado<\/h6>\n<p>&nbsp;<\/p>\n<h6>Portal de clientes y gesti\u00f3n multi-modena<\/h6>\n<p>&nbsp;<\/p>\n<h6>Motor de riesgos<\/h6>\n<p>&nbsp;<\/p>\n<h6>Requerimientos de la CNBV<\/h6>\n<h2>Podendo ser amplamente utilizado nos processos de securitiza\u00e7\u00e3o, \u00e9 ideal para:<\/h2>\n<ul>\n<li>Administradores Fiduci\u00e1rios<\/li>\n<\/ul>\n<ul>\n<li>Custodiantes e Controladores de Fundos<\/li>\n<\/ul>\n<ul>\n<li>Consultores de Cr\u00e9dito<\/li>\n<\/ul>\n<ul>\n<li>Securitizadoras<\/li>\n<\/ul>\n<p><iframe title=\"BRITech, plataforma de clase mundial especializada en gesti\u00f3n de carteras, ahora en Me\u0301xico\" src=\"https:\/\/www.youtube.com\/embed\/tl4e_xzSmTI?feature=oembed\" frameborder=\"0\" allow=\"accelerometer; autoplay; clipboard-write; encrypted-media; gyroscope; picture-in-picture; web-share\" referrerpolicy=\"strict-origin-when-cross-origin\" allowfullscreen><\/iframe><br \/>\n<img decoding=\"async\" src=\"https:\/\/britech.global\/wp-content\/uploads\/2023\/02\/Artboard-1-1.png\" sizes=\"(max-width: 1920px) 100vw, 1920px\" srcset=\"https:\/\/britech.global\/wp-content\/uploads\/2023\/02\/Artboard-1-1.png 1920w, https:\/\/britech.global\/wp-content\/uploads\/2023\/02\/Artboard-1-1-768x415.png 768w, https:\/\/britech.global\/wp-content\/uploads\/2023\/02\/Artboard-1-1-1536x830.png 1536w\" alt=\"\"  class=\"img-responsive\" \/><\/p>\n<h2>BRITech por los n\u00fameros!<\/h2>\n<p>La misi\u00f3n de BRITech es brindar facilidad y eficiencia digital a los mercados financieros globales. Ofrecemos una plataforma de gesti\u00f3n de inversiones altamente flexible y configurable, con un equipo de soporte experimentado para brindar la mejor soluci\u00f3n y servicio para el rendimiento de su negocio.<\/p>\n<p>&nbsp;<\/p>\n<h6>+ 450 clientes globales<\/h6>\n<p>inclyendo empresas del Fortune100, asi\u0301 como fifintechs, startups y empresas pequen\u0303as o medianas con objetivos de crecimiento.<\/p>\n<p>&nbsp;<\/p>\n<h6>Presente en 22 pa\u00edses<\/h6>\n<p>apoyando a clientes regionales y con alcance global.<\/p>\n<p>&nbsp;<\/p>\n<h6>+ 3 USD trillions<\/h6>\n<p>procesados por nuestras soluciones.<\/p>\n<p>&nbsp;<\/p>\n<h6>+ 250 integraciones<\/h6>\n<p>con custodios a nivel global.<\/p>\n<p>&nbsp;<\/p>\n<h6>+ 10 asesores<\/h6>\n<p>de inversiones independientes que confi\u0301an en BRITech<\/p>\n<p><a role=\"button\" href=\"#formulario\"><br \/>\nConversemos<br \/>\n<\/a><br \/>\n<img decoding=\"async\" src=\"https:\/\/britech.global\/wp-content\/uploads\/2023\/02\/cityline-watermark.png\" sizes=\"(max-width: 482px) 100vw, 482px\" srcset=\"https:\/\/britech.global\/wp-content\/uploads\/2023\/02\/cityline-watermark.png 482w, https:\/\/britech.global\/wp-content\/uploads\/2023\/02\/cityline-watermark-32x32.png 32w\" alt=\"\"  class=\"img-responsive\" \/><\/p>\n<h1>Caso de \u00c9xito:<\/h1>\n<h2>LE\u00d3N CAPITAL<\/h2>\n<p>\u201cTuvimos un muy buen comienzo con BRITech; congeniamos enseguida con su equipo. Reconocimos que BRITech ten\u00eda un gran conocimiento y experiencia en el entorno de la gesti\u00f3n de patrimonios, lo que significaba que no tendr\u00edamos el mismo riesgo que ten\u00edamos con nuestro anterior provedor externo.\u201d<\/p>\n<p><a role=\"button\" href=\"https:\/\/britech.global\/es\/cases\/leon-capital\/\"><br \/>\nConocer<br \/>\n<\/a><\/p>\n<h2>Agendar un call<\/h2>\n<h2>\u00daltimas do nuestro blog<\/h2>\n<p><!-- SECTION 10 - CREATE (FEATURED POSTS) --><\/p>\n<section>\n<article>\n<figure><a href=\"https:\/\/britech.global\/padrao\/atualizacoes-cvm-na-regulamentacao-de-asset-management\/\"><br \/>\n<img decoding=\"async\" src=\"https:\/\/britech.global\/wp-content\/uploads\/2022\/07\/pexels-burst-374820-scaled.jpg\" alt=\"\"  class=\"img-responsive\" \/><\/a><figcaption>Blog BR<\/figcaption>&nbsp;<\/figure>\n<p><a href=\"https:\/\/britech.global\/padrao\/atualizacoes-cvm-na-regulamentacao-de-asset-management\/\"><br \/>\nPor<strong>Mikaelli Santana<\/strong>em<time>julho 18, 2022<\/time><br \/>\n<\/a><\/p>\n<h3><a href=\"https:\/\/britech.global\/padrao\/atualizacoes-cvm-na-regulamentacao-de-asset-management\/\">Atualiza\u00e7\u00f5es da CVM na regulamenta\u00e7\u00e3o de asset management<\/a><\/h3>\n<p><a href=\"https:\/\/britech.global\/padrao\/atualizacoes-cvm-na-regulamentacao-de-asset-management\/\">Veja o que muda nas regras de asset management com a Resolu\u00e7\u00e3o CVM 21 e outras altera\u00e7\u00f5es importantes nas <\/a><br \/>\n<a href=\"https:\/\/britech.global\/padrao\/atualizacoes-cvm-na-regulamentacao-de-asset-management\/\">Ver Mais<\/a><\/p>\n<\/article>\n<article>\n<figure><a href=\"https:\/\/britech.global\/blog\/entenda-o-novo-marco-regulatorio-sobre-companhias-securitizadoras\/\"><br \/>\n<img decoding=\"async\" src=\"https:\/\/britech.global\/wp-content\/uploads\/2022\/07\/pexels-artem-podrez-5716016-scaled.jpg\" alt=\"\"  class=\"img-responsive\" \/><\/a><figcaption>Blog BR<\/figcaption>&nbsp;<\/figure>\n<p><a href=\"https:\/\/britech.global\/blog\/entenda-o-novo-marco-regulatorio-sobre-companhias-securitizadoras\/\"><br \/>\nPor<strong>Bruno Silveira<\/strong>em<time>julho 25, 2022<\/time><br \/>\n<\/a><\/p>\n<h3><a href=\"https:\/\/britech.global\/blog\/entenda-o-novo-marco-regulatorio-sobre-companhias-securitizadoras\/\">Conhe\u00e7a e entenda o novo marco regulat\u00f3rio sobre companhias securitizadoras<\/a><\/h3>\n<p><a href=\"https:\/\/britech.global\/blog\/entenda-o-novo-marco-regulatorio-sobre-companhias-securitizadoras\/\">Como j\u00e1 \u00e9 de conhecimento da maioria do p\u00fablico inserido no mercado financeiro, uma companhia securitizadora antecipa receb\u00edveis de <\/a><br \/>\n<a href=\"https:\/\/britech.global\/blog\/entenda-o-novo-marco-regulatorio-sobre-companhias-securitizadoras\/\">Ver Mais<\/a><\/p>\n<\/article>\n<article>\n<figure><a href=\"https:\/\/britech.global\/blog\/riscos-de-mercado-principais-tecnicas-de-quantificacao-2\/\"><br \/>\n<img decoding=\"async\" src=\"https:\/\/britech.global\/wp-content\/uploads\/2022\/06\/pexels-tima-miroshnichenko-6694489-scaled.jpg\" alt=\"\"  class=\"img-responsive\" \/><\/a><figcaption>Blog BR<\/figcaption>&nbsp;<\/figure>\n<p><a href=\"https:\/\/britech.global\/blog\/riscos-de-mercado-principais-tecnicas-de-quantificacao-2\/\"><br \/>\nPor<strong>Luan Fino<\/strong>em<time>junho 29, 2022<\/time><br \/>\n<\/a><\/p>\n<h3><a href=\"https:\/\/britech.global\/blog\/riscos-de-mercado-principais-tecnicas-de-quantificacao-2\/\">Principais t\u00e9cnicas de quantifica\u00e7\u00e3o e gerenciamento de riscos de mercado<\/a><\/h3>\n<p><a href=\"https:\/\/britech.global\/blog\/riscos-de-mercado-principais-tecnicas-de-quantificacao-2\/\">Nenhum investimento, por mais seguro que pare\u00e7a, \u00e9 100% livre de riscos. Por isso, o investidor precisa conhecer com <\/a><br \/>\n<a href=\"https:\/\/britech.global\/blog\/riscos-de-mercado-principais-tecnicas-de-quantificacao-2\/\">Ver Mais<\/a><\/p>\n<\/article>\n<\/section>\n","protected":false},"excerpt":{"rendered":"<p>Soluci\u00f3n SaaS world-class que cubre la integralidad de la cadena de valor de los asosres de inversiones en M\u00e9xico<\/p>\n","protected":false},"author":48,"featured_media":20451,"parent":0,"menu_order":0,"comment_status":"closed","ping_status":"closed","template":"elementor_header_footer","meta":{"content-type":"","inline_featured_image":false,"footnotes":""},"class_list":["post-20395","page","type-page","status-publish","has-post-thumbnail","hentry"],"yoast_head":"<!-- This site is optimized with the Yoast SEO plugin v25.3.1 - https:\/\/yoast.com\/wordpress\/plugins\/seo\/ -->\n<title>Soluci\u00f3n para Asesores de Inversiones Independientes<\/title>\n<meta name=\"description\" content=\"Acelera tu negocio y moderniza tu operaci\u00f3n. Mejora el servicio a tus clientes. Digitaliza la operaci\u00f3n, genera eficiencias y competividad.\" \/>\n<meta name=\"robots\" content=\"index, follow, max-snippet:-1, max-image-preview:large, max-video-preview:-1\" \/>\n<link rel=\"canonical\" href=\"https:\/\/britech.global\/es\/asesores-inversiones-independientes_old\/\" \/>\n<meta property=\"og:locale\" content=\"es_ES\" \/>\n<meta property=\"og:type\" content=\"article\" \/>\n<meta property=\"og:title\" content=\"Soluci\u00f3n para Asesores de Inversiones Independientes\" \/>\n<meta property=\"og:description\" content=\"Acelera tu negocio y moderniza tu operaci\u00f3n. Mejora el servicio a tus clientes. Digitaliza la operaci\u00f3n, genera eficiencias y competividad.\" \/>\n<meta property=\"og:url\" content=\"https:\/\/britech.global\/es\/asesores-inversiones-independientes_old\/\" \/>\n<meta property=\"og:site_name\" content=\"BRITech\" \/>\n<meta property=\"article:modified_time\" content=\"2023-03-01T15:18:32+00:00\" \/>\n<meta property=\"og:image\" content=\"https:\/\/britech.global\/wp-content\/uploads\/2023\/02\/Artboard-1-1.png\" \/>\n\t<meta property=\"og:image:width\" content=\"1920\" \/>\n\t<meta property=\"og:image:height\" content=\"1038\" \/>\n\t<meta property=\"og:image:type\" content=\"image\/png\" \/>\n<meta name=\"twitter:card\" content=\"summary_large_image\" \/>\n<meta name=\"twitter:label1\" content=\"Tiempo de lectura\" \/>\n\t<meta name=\"twitter:data1\" content=\"5 minutos\" \/>\n<script type=\"application\/ld+json\" class=\"yoast-schema-graph\">{\"@context\":\"https:\/\/schema.org\",\"@graph\":[{\"@type\":\"WebPage\",\"@id\":\"https:\/\/britech.global\/es\/asesores-inversiones-independientes_old\/\",\"url\":\"https:\/\/britech.global\/es\/asesores-inversiones-independientes_old\/\",\"name\":\"Soluci\u00f3n para Asesores de Inversiones Independientes\",\"isPartOf\":{\"@id\":\"https:\/\/britech.global\/es\/#website\"},\"primaryImageOfPage\":{\"@id\":\"https:\/\/britech.global\/es\/asesores-inversiones-independientes_old\/#primaryimage\"},\"image\":{\"@id\":\"https:\/\/britech.global\/es\/asesores-inversiones-independientes_old\/#primaryimage\"},\"thumbnailUrl\":\"https:\/\/britech.global\/wp-content\/uploads\/2023\/02\/Artboard-1-1.png\",\"datePublished\":\"2023-02-07T10:16:27+00:00\",\"dateModified\":\"2023-03-01T15:18:32+00:00\",\"description\":\"Acelera tu negocio y moderniza tu operaci\u00f3n. Mejora el servicio a tus clientes. Digitaliza la operaci\u00f3n, genera eficiencias y competividad.\",\"inLanguage\":\"es\",\"potentialAction\":[{\"@type\":\"ReadAction\",\"target\":[\"https:\/\/britech.global\/es\/asesores-inversiones-independientes_old\/\"]}]},{\"@type\":\"ImageObject\",\"inLanguage\":\"es\",\"@id\":\"https:\/\/britech.global\/es\/asesores-inversiones-independientes_old\/#primaryimage\",\"url\":\"https:\/\/britech.global\/wp-content\/uploads\/2023\/02\/Artboard-1-1.png\",\"contentUrl\":\"https:\/\/britech.global\/wp-content\/uploads\/2023\/02\/Artboard-1-1.png\",\"width\":1920,\"height\":1038},{\"@type\":\"WebSite\",\"@id\":\"https:\/\/britech.global\/es\/#website\",\"url\":\"https:\/\/britech.global\/es\/\",\"name\":\"BRITech\",\"description\":\"Plataforma para Gest\u00e3o de Investimentos\",\"publisher\":{\"@id\":\"https:\/\/britech.global\/es\/#organization\"},\"potentialAction\":[{\"@type\":\"SearchAction\",\"target\":{\"@type\":\"EntryPoint\",\"urlTemplate\":\"https:\/\/britech.global\/es\/?s={search_term_string}\"},\"query-input\":{\"@type\":\"PropertyValueSpecification\",\"valueRequired\":true,\"valueName\":\"search_term_string\"}}],\"inLanguage\":\"es\"},{\"@type\":\"Organization\",\"@id\":\"https:\/\/britech.global\/es\/#organization\",\"name\":\"BRITech\",\"url\":\"https:\/\/britech.global\/es\/\",\"logo\":{\"@type\":\"ImageObject\",\"inLanguage\":\"es\",\"@id\":\"https:\/\/britech.global\/es\/#\/schema\/logo\/image\/\",\"url\":\"https:\/\/britech.global\/wp-content\/uploads\/2024\/05\/logo-britech-c-h.svg\",\"contentUrl\":\"https:\/\/britech.global\/wp-content\/uploads\/2024\/05\/logo-britech-c-h.svg\",\"width\":232,\"height\":56,\"caption\":\"BRITech\"},\"image\":{\"@id\":\"https:\/\/britech.global\/es\/#\/schema\/logo\/image\/\"},\"sameAs\":[\"https:\/\/www.instagram.com\/britechglobal\/\",\"https:\/\/www.youtube.com\/channel\/UCdjaK4YxXhUr6XE8pnijUfQ\",\"https:\/\/www.linkedin.com\/company\/britechsa\/\"]}]}<\/script>\n<!-- \/ Yoast SEO plugin. -->","yoast_head_json":{"title":"Soluci\u00f3n para Asesores de Inversiones Independientes","description":"Acelera tu negocio y moderniza tu operaci\u00f3n. Mejora el servicio a tus clientes. Digitaliza la operaci\u00f3n, genera eficiencias y competividad.","robots":{"index":"index","follow":"follow","max-snippet":"max-snippet:-1","max-image-preview":"max-image-preview:large","max-video-preview":"max-video-preview:-1"},"canonical":"https:\/\/britech.global\/es\/asesores-inversiones-independientes_old\/","og_locale":"es_ES","og_type":"article","og_title":"Soluci\u00f3n para Asesores de Inversiones Independientes","og_description":"Acelera tu negocio y moderniza tu operaci\u00f3n. Mejora el servicio a tus clientes. Digitaliza la operaci\u00f3n, genera eficiencias y competividad.","og_url":"https:\/\/britech.global\/es\/asesores-inversiones-independientes_old\/","og_site_name":"BRITech","article_modified_time":"2023-03-01T15:18:32+00:00","og_image":[{"width":1920,"height":1038,"url":"https:\/\/britech.global\/wp-content\/uploads\/2023\/02\/Artboard-1-1.png","type":"image\/png"}],"twitter_card":"summary_large_image","twitter_misc":{"Tiempo de lectura":"5 minutos"},"schema":{"@context":"https:\/\/schema.org","@graph":[{"@type":"WebPage","@id":"https:\/\/britech.global\/es\/asesores-inversiones-independientes_old\/","url":"https:\/\/britech.global\/es\/asesores-inversiones-independientes_old\/","name":"Soluci\u00f3n para Asesores de Inversiones Independientes","isPartOf":{"@id":"https:\/\/britech.global\/es\/#website"},"primaryImageOfPage":{"@id":"https:\/\/britech.global\/es\/asesores-inversiones-independientes_old\/#primaryimage"},"image":{"@id":"https:\/\/britech.global\/es\/asesores-inversiones-independientes_old\/#primaryimage"},"thumbnailUrl":"https:\/\/britech.global\/wp-content\/uploads\/2023\/02\/Artboard-1-1.png","datePublished":"2023-02-07T10:16:27+00:00","dateModified":"2023-03-01T15:18:32+00:00","description":"Acelera tu negocio y moderniza tu operaci\u00f3n. Mejora el servicio a tus clientes. Digitaliza la operaci\u00f3n, genera eficiencias y competividad.","inLanguage":"es","potentialAction":[{"@type":"ReadAction","target":["https:\/\/britech.global\/es\/asesores-inversiones-independientes_old\/"]}]},{"@type":"ImageObject","inLanguage":"es","@id":"https:\/\/britech.global\/es\/asesores-inversiones-independientes_old\/#primaryimage","url":"https:\/\/britech.global\/wp-content\/uploads\/2023\/02\/Artboard-1-1.png","contentUrl":"https:\/\/britech.global\/wp-content\/uploads\/2023\/02\/Artboard-1-1.png","width":1920,"height":1038},{"@type":"WebSite","@id":"https:\/\/britech.global\/es\/#website","url":"https:\/\/britech.global\/es\/","name":"BRITech","description":"Plataforma para Gest\u00e3o de Investimentos","publisher":{"@id":"https:\/\/britech.global\/es\/#organization"},"potentialAction":[{"@type":"SearchAction","target":{"@type":"EntryPoint","urlTemplate":"https:\/\/britech.global\/es\/?s={search_term_string}"},"query-input":{"@type":"PropertyValueSpecification","valueRequired":true,"valueName":"search_term_string"}}],"inLanguage":"es"},{"@type":"Organization","@id":"https:\/\/britech.global\/es\/#organization","name":"BRITech","url":"https:\/\/britech.global\/es\/","logo":{"@type":"ImageObject","inLanguage":"es","@id":"https:\/\/britech.global\/es\/#\/schema\/logo\/image\/","url":"https:\/\/britech.global\/wp-content\/uploads\/2024\/05\/logo-britech-c-h.svg","contentUrl":"https:\/\/britech.global\/wp-content\/uploads\/2024\/05\/logo-britech-c-h.svg","width":232,"height":56,"caption":"BRITech"},"image":{"@id":"https:\/\/britech.global\/es\/#\/schema\/logo\/image\/"},"sameAs":["https:\/\/www.instagram.com\/britechglobal\/","https:\/\/www.youtube.com\/channel\/UCdjaK4YxXhUr6XE8pnijUfQ","https:\/\/www.linkedin.com\/company\/britechsa\/"]}]}},"_links":{"self":[{"href":"https:\/\/britech.global\/es\/wp-json\/wp\/v2\/pages\/20395","targetHints":{"allow":["GET"]}}],"collection":[{"href":"https:\/\/britech.global\/es\/wp-json\/wp\/v2\/pages"}],"about":[{"href":"https:\/\/britech.global\/es\/wp-json\/wp\/v2\/types\/page"}],"author":[{"embeddable":true,"href":"https:\/\/britech.global\/es\/wp-json\/wp\/v2\/users\/48"}],"replies":[{"embeddable":true,"href":"https:\/\/britech.global\/es\/wp-json\/wp\/v2\/comments?post=20395"}],"version-history":[{"count":29,"href":"https:\/\/britech.global\/es\/wp-json\/wp\/v2\/pages\/20395\/revisions"}],"predecessor-version":[{"id":20532,"href":"https:\/\/britech.global\/es\/wp-json\/wp\/v2\/pages\/20395\/revisions\/20532"}],"wp:featuredmedia":[{"embeddable":true,"href":"https:\/\/britech.global\/es\/wp-json\/wp\/v2\/media\/20451"}],"wp:attachment":[{"href":"https:\/\/britech.global\/es\/wp-json\/wp\/v2\/media?parent=20395"}],"curies":[{"name":"wp","href":"https:\/\/api.w.org\/{rel}","templated":true}]}}