{"id":9468,"date":"2021-04-04T22:01:02","date_gmt":"2021-04-05T01:01:02","guid":{"rendered":"https:\/\/britech.global\/about-us\/"},"modified":"2026-03-17T14:09:52","modified_gmt":"2026-03-17T17:09:52","slug":"about-us","status":"publish","type":"page","link":"https:\/\/britech.global\/es\/about-us\/","title":{"rendered":"Sobre Nosotros"},"content":{"rendered":"<p>BRITech es una empresa global de SaaS B2B (Software como Servicio) con sede en S\u00e3o Paulo, Brasil, y oficinas en todo el mundo.<\/p>\n<p>Proporcionamos un Software de Gesti\u00f3n de Inversiones escalable y completo para Gestores de Activos, Neobanks y Administradores de Fondos.<\/p>\n<p>Con una pasi\u00f3n inigualable por la tecnolog\u00eda y un compromiso feroz con el \u00e9xito del cliente, nuestros equipos multinacionales se centran en construir relaciones a largo plazo que ayudan a construir un pr\u00f3spero ecosistema financiero.<\/p>\n<p>Cada d\u00eda, entregamos lo que prometemos: soluciones \u00e1giles, eficientes y de alto rendimiento que manejan grandes vol\u00famenes y se mantienen al ritmo del crecimiento empresarial.<\/p>\n<p>Ayudamos a empresas de cualquier tama\u00f1o a servir mejor a sus inversores. Juntos, estamos construyendo un mundo pr\u00f3spero.<\/p>\n","protected":false},"excerpt":{"rendered":"<p>BRITech es una empresa global de SaaS B2B (Software como Servicio) con sede en S\u00e3o Paulo, Brasil, y oficinas en todo el mundo. Proporcionamos un Software de Gesti\u00f3n de Inversiones escalable y completo para Gestores de Activos, Neobanks y Administradores de Fondos. Con una pasi\u00f3n inigualable por la tecnolog\u00eda y [&hellip;]<\/p>\n","protected":false},"author":1,"featured_media":9249,"parent":0,"menu_order":0,"comment_status":"closed","ping_status":"closed","template":"page-templates\/template-about.php","meta":{"content-type":"","inline_featured_image":false,"footnotes":""},"class_list":["post-9468","page","type-page","status-publish","has-post-thumbnail","hentry"],"yoast_head":"<!-- This site is optimized with the Yoast SEO plugin v25.3.1 - https:\/\/yoast.com\/wordpress\/plugins\/seo\/ -->\n<title>Sobre Nosotros - BRITech<\/title>\n<meta name=\"robots\" content=\"index, follow, max-snippet:-1, max-image-preview:large, max-video-preview:-1\" \/>\n<link rel=\"canonical\" href=\"https:\/\/britech.global\/es\/about-us\/\" \/>\n<meta property=\"og:locale\" content=\"es_ES\" \/>\n<meta property=\"og:type\" content=\"article\" \/>\n<meta property=\"og:title\" content=\"Sobre Nosotros - BRITech\" \/>\n<meta property=\"og:description\" content=\"BRITech es una empresa global de SaaS B2B (Software como Servicio) con sede en S\u00e3o Paulo, Brasil, y oficinas en todo el mundo. Proporcionamos un Software de Gesti\u00f3n de Inversiones escalable y completo para Gestores de Activos, Neobanks y Administradores de Fondos. Con una pasi\u00f3n inigualable por la tecnolog\u00eda y [&hellip;]\" \/>\n<meta property=\"og:url\" content=\"https:\/\/britech.global\/es\/about-us\/\" \/>\n<meta property=\"og:site_name\" content=\"BRITech\" \/>\n<meta property=\"article:modified_time\" content=\"2026-03-17T17:09:52+00:00\" \/>\n<meta property=\"og:image\" content=\"https:\/\/britech.global\/wp-content\/uploads\/2021\/05\/britech-about-us.jpg\" \/>\n\t<meta property=\"og:image:width\" content=\"854\" \/>\n\t<meta property=\"og:image:height\" content=\"569\" \/>\n\t<meta property=\"og:image:type\" content=\"image\/jpeg\" \/>\n<meta name=\"twitter:card\" content=\"summary_large_image\" \/>\n<meta name=\"twitter:label1\" content=\"Tiempo de lectura\" \/>\n\t<meta name=\"twitter:data1\" content=\"1 minuto\" \/>\n<script type=\"application\/ld+json\" class=\"yoast-schema-graph\">{\"@context\":\"https:\/\/schema.org\",\"@graph\":[{\"@type\":\"WebPage\",\"@id\":\"https:\/\/britech.global\/es\/about-us\/\",\"url\":\"https:\/\/britech.global\/es\/about-us\/\",\"name\":\"Sobre Nosotros - BRITech\",\"isPartOf\":{\"@id\":\"https:\/\/britech.global\/es\/#website\"},\"primaryImageOfPage\":{\"@id\":\"https:\/\/britech.global\/es\/about-us\/#primaryimage\"},\"image\":{\"@id\":\"https:\/\/britech.global\/es\/about-us\/#primaryimage\"},\"thumbnailUrl\":\"https:\/\/britech.global\/wp-content\/uploads\/2021\/05\/britech-about-us.jpg\",\"datePublished\":\"2021-04-05T01:01:02+00:00\",\"dateModified\":\"2026-03-17T17:09:52+00:00\",\"inLanguage\":\"es\",\"potentialAction\":[{\"@type\":\"ReadAction\",\"target\":[\"https:\/\/britech.global\/es\/about-us\/\"]}]},{\"@type\":\"ImageObject\",\"inLanguage\":\"es\",\"@id\":\"https:\/\/britech.global\/es\/about-us\/#primaryimage\",\"url\":\"https:\/\/britech.global\/wp-content\/uploads\/2021\/05\/britech-about-us.jpg\",\"contentUrl\":\"https:\/\/britech.global\/wp-content\/uploads\/2021\/05\/britech-about-us.jpg\",\"width\":854,\"height\":569},{\"@type\":\"WebSite\",\"@id\":\"https:\/\/britech.global\/es\/#website\",\"url\":\"https:\/\/britech.global\/es\/\",\"name\":\"BRITech\",\"description\":\"Plataforma para Gest\u00e3o de Investimentos\",\"publisher\":{\"@id\":\"https:\/\/britech.global\/es\/#organization\"},\"potentialAction\":[{\"@type\":\"SearchAction\",\"target\":{\"@type\":\"EntryPoint\",\"urlTemplate\":\"https:\/\/britech.global\/es\/?s={search_term_string}\"},\"query-input\":{\"@type\":\"PropertyValueSpecification\",\"valueRequired\":true,\"valueName\":\"search_term_string\"}}],\"inLanguage\":\"es\"},{\"@type\":\"Organization\",\"@id\":\"https:\/\/britech.global\/es\/#organization\",\"name\":\"BRITech\",\"url\":\"https:\/\/britech.global\/es\/\",\"logo\":{\"@type\":\"ImageObject\",\"inLanguage\":\"es\",\"@id\":\"https:\/\/britech.global\/es\/#\/schema\/logo\/image\/\",\"url\":\"https:\/\/britech.global\/wp-content\/uploads\/2024\/05\/logo-britech-c-h.svg\",\"contentUrl\":\"https:\/\/britech.global\/wp-content\/uploads\/2024\/05\/logo-britech-c-h.svg\",\"width\":232,\"height\":56,\"caption\":\"BRITech\"},\"image\":{\"@id\":\"https:\/\/britech.global\/es\/#\/schema\/logo\/image\/\"},\"sameAs\":[\"https:\/\/www.instagram.com\/britechglobal\/\",\"https:\/\/www.youtube.com\/channel\/UCdjaK4YxXhUr6XE8pnijUfQ\",\"https:\/\/www.linkedin.com\/company\/britechsa\/\"]}]}<\/script>\n<!-- \/ Yoast SEO plugin. -->","yoast_head_json":{"title":"Sobre Nosotros - BRITech","robots":{"index":"index","follow":"follow","max-snippet":"max-snippet:-1","max-image-preview":"max-image-preview:large","max-video-preview":"max-video-preview:-1"},"canonical":"https:\/\/britech.global\/es\/about-us\/","og_locale":"es_ES","og_type":"article","og_title":"Sobre Nosotros - BRITech","og_description":"BRITech es una empresa global de SaaS B2B (Software como Servicio) con sede en S\u00e3o Paulo, Brasil, y oficinas en todo el mundo. Proporcionamos un Software de Gesti\u00f3n de Inversiones escalable y completo para Gestores de Activos, Neobanks y Administradores de Fondos. Con una pasi\u00f3n inigualable por la tecnolog\u00eda y [&hellip;]","og_url":"https:\/\/britech.global\/es\/about-us\/","og_site_name":"BRITech","article_modified_time":"2026-03-17T17:09:52+00:00","og_image":[{"width":854,"height":569,"url":"https:\/\/britech.global\/wp-content\/uploads\/2021\/05\/britech-about-us.jpg","type":"image\/jpeg"}],"twitter_card":"summary_large_image","twitter_misc":{"Tiempo de lectura":"1 minuto"},"schema":{"@context":"https:\/\/schema.org","@graph":[{"@type":"WebPage","@id":"https:\/\/britech.global\/es\/about-us\/","url":"https:\/\/britech.global\/es\/about-us\/","name":"Sobre Nosotros - BRITech","isPartOf":{"@id":"https:\/\/britech.global\/es\/#website"},"primaryImageOfPage":{"@id":"https:\/\/britech.global\/es\/about-us\/#primaryimage"},"image":{"@id":"https:\/\/britech.global\/es\/about-us\/#primaryimage"},"thumbnailUrl":"https:\/\/britech.global\/wp-content\/uploads\/2021\/05\/britech-about-us.jpg","datePublished":"2021-04-05T01:01:02+00:00","dateModified":"2026-03-17T17:09:52+00:00","inLanguage":"es","potentialAction":[{"@type":"ReadAction","target":["https:\/\/britech.global\/es\/about-us\/"]}]},{"@type":"ImageObject","inLanguage":"es","@id":"https:\/\/britech.global\/es\/about-us\/#primaryimage","url":"https:\/\/britech.global\/wp-content\/uploads\/2021\/05\/britech-about-us.jpg","contentUrl":"https:\/\/britech.global\/wp-content\/uploads\/2021\/05\/britech-about-us.jpg","width":854,"height":569},{"@type":"WebSite","@id":"https:\/\/britech.global\/es\/#website","url":"https:\/\/britech.global\/es\/","name":"BRITech","description":"Plataforma para Gest\u00e3o de Investimentos","publisher":{"@id":"https:\/\/britech.global\/es\/#organization"},"potentialAction":[{"@type":"SearchAction","target":{"@type":"EntryPoint","urlTemplate":"https:\/\/britech.global\/es\/?s={search_term_string}"},"query-input":{"@type":"PropertyValueSpecification","valueRequired":true,"valueName":"search_term_string"}}],"inLanguage":"es"},{"@type":"Organization","@id":"https:\/\/britech.global\/es\/#organization","name":"BRITech","url":"https:\/\/britech.global\/es\/","logo":{"@type":"ImageObject","inLanguage":"es","@id":"https:\/\/britech.global\/es\/#\/schema\/logo\/image\/","url":"https:\/\/britech.global\/wp-content\/uploads\/2024\/05\/logo-britech-c-h.svg","contentUrl":"https:\/\/britech.global\/wp-content\/uploads\/2024\/05\/logo-britech-c-h.svg","width":232,"height":56,"caption":"BRITech"},"image":{"@id":"https:\/\/britech.global\/es\/#\/schema\/logo\/image\/"},"sameAs":["https:\/\/www.instagram.com\/britechglobal\/","https:\/\/www.youtube.com\/channel\/UCdjaK4YxXhUr6XE8pnijUfQ","https:\/\/www.linkedin.com\/company\/britechsa\/"]}]}},"_links":{"self":[{"href":"https:\/\/britech.global\/es\/wp-json\/wp\/v2\/pages\/9468","targetHints":{"allow":["GET"]}}],"collection":[{"href":"https:\/\/britech.global\/es\/wp-json\/wp\/v2\/pages"}],"about":[{"href":"https:\/\/britech.global\/es\/wp-json\/wp\/v2\/types\/page"}],"author":[{"embeddable":true,"href":"https:\/\/britech.global\/es\/wp-json\/wp\/v2\/users\/1"}],"replies":[{"embeddable":true,"href":"https:\/\/britech.global\/es\/wp-json\/wp\/v2\/comments?post=9468"}],"version-history":[{"count":58,"href":"https:\/\/britech.global\/es\/wp-json\/wp\/v2\/pages\/9468\/revisions"}],"predecessor-version":[{"id":29105,"href":"https:\/\/britech.global\/es\/wp-json\/wp\/v2\/pages\/9468\/revisions\/29105"}],"wp:featuredmedia":[{"embeddable":true,"href":"https:\/\/britech.global\/es\/wp-json\/wp\/v2\/media\/9249"}],"wp:attachment":[{"href":"https:\/\/britech.global\/es\/wp-json\/wp\/v2\/media?parent=9468"}],"curies":[{"name":"wp","href":"https:\/\/api.w.org\/{rel}","templated":true}]}}